{"id":8,"date":"2015-11-20T16:19:27","date_gmt":"2015-11-20T22:19:27","guid":{"rendered":"http:\/\/www.irapuato.gob.mx\/transparencia\/?page_id=8"},"modified":"2021-02-17T15:02:00","modified_gmt":"2021-02-17T21:02:00","slug":"consejos","status":"publish","type":"page","link":"https:\/\/www.irapuato.gob.mx\/transparencia\/consejos\/","title":{"rendered":"Transparencia Pro-Activa."},"content":{"rendered":"<p><a href=\"http:\/\/www.plataformadetransparencia.org.mx\" target=\"_blank\" rel=\"noopener noreferrer\"><img decoding=\"async\" loading=\"lazy\" class=\"aligncenter wp-image-3871\" src=\"https:\/\/www.irapuato.gob.mx\/transparencia\/wp-content\/uploads\/2016\/09\/PNT_informacion_publica-1.gif\" alt=\"\" width=\"227\" height=\"227\"><\/a><\/p>\n<div class=\" accordion-kgc63i style1 magee-shortcode panel-group magee-accordion accordion-simple\" role=\"tablist\" aria-multiselectable=\"no\" id=\"accordion-kgc63i\"><br><div class=\"panel panel-default \" id=\"panelaccordion-kgc63i-1\"><div class=\"panel-heading\" role=\"tab\" id=\"headingcollapseaccordion-kgc63i-1\">\r\n\t\t\t\t<a class=\"accordion-toggle collapsed\" data-toggle=\"collapse\" data-parent=\"#accordion-kgc63i\" href=\"#collapseaccordion-kgc63i-1\" aria-expanded=\"false\" aria-controls=\"collapseaccordion-kgc63i-1\">\r\n\t\t\t\t\t<h4 class=\"panel-title\">\r\n\t\t\t\t\t\t\t Informaci\u00f3n Relevante\r\n\t\t\t\t\t<\/h4>\r\n\t\t\t\t<\/a>\r\n\t\t\t<\/div>\r\n\t\t\t<div id=\"collapseaccordion-kgc63i-1\" class=\"panel-collapse collapse \" role=\"tabpanel\" aria-labelledby=\"headingcollapseaccordion-kgc63i-1\" aria-expanded=\"false\">\r\n\t\t\t\t<div class=\"panel-body\">\r\n\t\t\t\t\t\n<table style=\"height: 167px;\">\n<tbody>\n<tr style=\"height: 69px;\">\n<td style=\"width: 441px; height: 69px;\"><strong>Gu\u00eda de Acceso a la informaci\u00f3n para solicitantes de lenguas ind\u00edgenas<\/strong><\/td>\n<td style=\"width: 119px; height: 69px;\"><span style=\"font-size: 14pt;\"><a href=\"http:\/\/www.iacip-gto.org.mx\/media\/proactiva\/Guia_Acceso.pdf\" target=\"_blank\" rel=\"noopener noreferrer\"><img decoding=\"async\" loading=\"lazy\" class=\"aligncenter wp-image-435 \" src=\"https:\/\/www.irapuato.gob.mx\/transparencia\/wp-content\/uploads\/2016\/09\/pdf-icon.png\" alt=\"\" width=\"65\" height=\"65\" srcset=\"https:\/\/www.irapuato.gob.mx\/transparencia\/wp-content\/uploads\/2016\/09\/pdf-icon.png 256w, https:\/\/www.irapuato.gob.mx\/transparencia\/wp-content\/uploads\/2016\/09\/pdf-icon-150x150.png 150w\" sizes=\"(max-width: 65px) 100vw, 65px\" \/><\/a><\/span><\/td>\n<\/tr>\n<tr style=\"height: 98px;\">\n<td style=\"width: 441px; height: 98px;\">\n<h6 class=\"post-title\">\u00cdndice de Estado de Derecho en M\u00e9xico<\/h6>\n<\/td>\n<td style=\"width: 119px; height: 98px;\"><span style=\"font-size: 14pt;\"><a href=\"https:\/\/iacip-gto.org.mx\/wn\/indice-de-estado-de-derecho-en-mexico-2018\/\" target=\"_blank\" rel=\"noopener noreferrer\"><img decoding=\"async\" loading=\"lazy\" class=\"aligncenter wp-image-435\" src=\"https:\/\/www.irapuato.gob.mx\/transparencia\/wp-content\/uploads\/2016\/09\/pdf-icon.png\" alt=\"\" width=\"65\" height=\"65\" srcset=\"https:\/\/www.irapuato.gob.mx\/transparencia\/wp-content\/uploads\/2016\/09\/pdf-icon.png 256w, https:\/\/www.irapuato.gob.mx\/transparencia\/wp-content\/uploads\/2016\/09\/pdf-icon-150x150.png 150w\" sizes=\"(max-width: 65px) 100vw, 65px\" \/><\/a><\/span><\/td>\n<\/tr>\n<tr>\n<td style=\"width: 441px;\">\n<h6 class=\"post-title\">C\u00f3digo de \u00c9tica de la Administraci\u00f3n P\u00fablica del Municipio de Irapuato, Guanajuato.<\/h6>\n<\/td>\n<td style=\"width: 119px;\"><span style=\"font-size: 14pt;\"><a href=\"http:\/\/transparencia.irapuato.gob.mx\/DGAJ\/CODIGO_DE_ETICA__IRAPUATO.docx\" target=\"_blank\" rel=\"noopener noreferrer\"><img decoding=\"async\" loading=\"lazy\" class=\"aligncenter wp-image-435\" src=\"https:\/\/www.irapuato.gob.mx\/transparencia\/wp-content\/uploads\/2016\/09\/pdf-icon.png\" alt=\"\" width=\"65\" height=\"65\" srcset=\"https:\/\/www.irapuato.gob.mx\/transparencia\/wp-content\/uploads\/2016\/09\/pdf-icon.png 256w, https:\/\/www.irapuato.gob.mx\/transparencia\/wp-content\/uploads\/2016\/09\/pdf-icon-150x150.png 150w\" sizes=\"(max-width: 65px) 100vw, 65px\" \/><\/a><\/span><\/td>\n<\/tr>\n<\/tbody>\n<\/table>\n\r\n\t\t\t\t\t<div class=\"clear\"><\/div>\r\n\t\t\t\t<\/div>\r\n\t\t\t<\/div>\r\n\t\t<\/div>\n<p><\/div>\n<p><div class=\" accordion-w2qyaz style1 magee-shortcode panel-group magee-accordion accordion-simple\" role=\"tablist\" aria-multiselectable=\"no\" id=\"accordion-w2qyaz\"><\/div><br><div class=\"panel panel-default \" id=\"panelaccordion-w2qyaz-1\"><div class=\"panel-heading\" role=\"tab\" id=\"headingcollapseaccordion-w2qyaz-1\">\r\n\t\t\t\t<a class=\"accordion-toggle collapsed\" data-toggle=\"collapse\" data-parent=\"#accordion-w2qyaz\" href=\"#collapseaccordion-w2qyaz-1\" aria-expanded=\"false\" aria-controls=\"collapseaccordion-w2qyaz-1\">\r\n\t\t\t\t\t<h4 class=\"panel-title\">\r\n\t\t\t\t\t\t\t Programas y Proyectos Impartidos\r\n\t\t\t\t\t<\/h4>\r\n\t\t\t\t<\/a>\r\n\t\t\t<\/div>\r\n\t\t\t<div id=\"collapseaccordion-w2qyaz-1\" class=\"panel-collapse collapse \" role=\"tabpanel\" aria-labelledby=\"headingcollapseaccordion-w2qyaz-1\" aria-expanded=\"false\">\r\n\t\t\t\t<div class=\"panel-body\">\r\n\t\t\t\t\t<\/p>\n<table style=\"height: 297px; width: 530px; border-style: outset; border-color: #007df2;\">\n<tbody>\n<tr>\n<td style=\"width: 126px; text-align: center;\"><strong>Programas Ofrecidos:<\/strong><\/td>\n<td style=\"width: 115px; text-align: center;\"><strong>Dependencia:<\/strong><\/td>\n<td style=\"width: 279px; text-align: center;\"><strong>Objetivo:<\/strong><\/td>\n<\/tr>\n<tr>\n<td style=\"width: 126px; text-align: center;\"><strong>Nombre del Evento:<\/strong> Conferencia \u201cL\u00edder Hazlo\u201d<\/td>\n<td style=\"width: 115px; text-align: center;\">IMJUVII<\/td>\n<td style=\"width: 279px; text-align: center;\">Identificar e impulsar el liderazgo en los j\u00f3venes para motivar el desarrollo de proyectos de impacto comunitario<\/td>\n<\/tr>\n<tr>\n<td style=\"width: 524px; text-align: center;\" colspan=\"3\"><strong>Beneficiados:<\/strong> 150 j\u00f3venes<p><\/p>\n<p><a href=\"https:\/\/www.irapuato.gob.mx\/transparencia\/wp-content\/uploads\/2019\/02\/IMJUVI.gif\"><img decoding=\"async\" loading=\"lazy\" class=\"size-medium wp-image-7042 aligncenter\" src=\"https:\/\/www.irapuato.gob.mx\/transparencia\/wp-content\/uploads\/2019\/02\/IMJUVI-300x225.gif\" alt=\"\" width=\"300\" height=\"225\" srcset=\"https:\/\/www.irapuato.gob.mx\/transparencia\/wp-content\/uploads\/2019\/02\/IMJUVI-300x225.gif 300w, https:\/\/www.irapuato.gob.mx\/transparencia\/wp-content\/uploads\/2019\/02\/IMJUVI-768x576.gif 768w\" sizes=\"(max-width: 300px) 100vw, 300px\" \/><\/a><strong><br><\/strong><\/p>\n<\/td>\n<\/tr>\n<\/tbody>\n<\/table>\n<p>\r\n\t\t\t\t\t<div class=\"clear\"><\/div>\r\n\t\t\t\t<\/div>\r\n\t\t\t<\/div>\r\n\t\t<\/div><\/p>\n\n\n\n<p><a href=\"http:\/\/apoyosmunicipioscovidgto.iacip.org.mx\/\" rel=\"attachment wp-att-13984\"><img decoding=\"async\" loading=\"lazy\" class=\"aligncenter size-full wp-image-13984\" src=\"https:\/\/www.irapuato.gob.mx\/transparencia\/wp-content\/uploads\/2021\/02\/apoyosMun.jpg\" alt=\"\" width=\"1200\" height=\"1200\" srcset=\"https:\/\/www.irapuato.gob.mx\/transparencia\/wp-content\/uploads\/2021\/02\/apoyosMun.jpg 1200w, https:\/\/www.irapuato.gob.mx\/transparencia\/wp-content\/uploads\/2021\/02\/apoyosMun-300x300.jpg 300w, https:\/\/www.irapuato.gob.mx\/transparencia\/wp-content\/uploads\/2021\/02\/apoyosMun-1024x1024.jpg 1024w, https:\/\/www.irapuato.gob.mx\/transparencia\/wp-content\/uploads\/2021\/02\/apoyosMun-150x150.jpg 150w, https:\/\/www.irapuato.gob.mx\/transparencia\/wp-content\/uploads\/2021\/02\/apoyosMun-768x768.jpg 768w\" sizes=\"(max-width: 1200px) 100vw, 1200px\" \/><\/a><\/p><div class=\"pvc_clear\"><\/div><p class=\"pvc_stats all \" data-element-id=\"8\" style=\"\"><i class=\"pvc-stats-icon medium\" aria-hidden=\"true\"><svg aria-hidden=\"true\" focusable=\"false\" data-prefix=\"far\" data-icon=\"chart-bar\" role=\"img\" xmlns=\"http:\/\/www.w3.org\/2000\/svg\" viewBox=\"0 0 512 512\" class=\"svg-inline--fa fa-chart-bar fa-w-16 fa-2x\"><path fill=\"currentColor\" d=\"M396.8 352h22.4c6.4 0 12.8-6.4 12.8-12.8V108.8c0-6.4-6.4-12.8-12.8-12.8h-22.4c-6.4 0-12.8 6.4-12.8 12.8v230.4c0 6.4 6.4 12.8 12.8 12.8zm-192 0h22.4c6.4 0 12.8-6.4 12.8-12.8V140.8c0-6.4-6.4-12.8-12.8-12.8h-22.4c-6.4 0-12.8 6.4-12.8 12.8v198.4c0 6.4 6.4 12.8 12.8 12.8zm96 0h22.4c6.4 0 12.8-6.4 12.8-12.8V204.8c0-6.4-6.4-12.8-12.8-12.8h-22.4c-6.4 0-12.8 6.4-12.8 12.8v134.4c0 6.4 6.4 12.8 12.8 12.8zM496 400H48V80c0-8.84-7.16-16-16-16H16C7.16 64 0 71.16 0 80v336c0 17.67 14.33 32 32 32h464c8.84 0 16-7.16 16-16v-16c0-8.84-7.16-16-16-16zm-387.2-48h22.4c6.4 0 12.8-6.4 12.8-12.8v-70.4c0-6.4-6.4-12.8-12.8-12.8h-22.4c-6.4 0-12.8 6.4-12.8 12.8v70.4c0 6.4 6.4 12.8 12.8 12.8z\" class=\"\"><\/path><\/svg><\/i> &nbsp;7,357&nbsp;total views<\/p><div class=\"pvc_clear\"><\/div>","protected":false},"excerpt":{"rendered":"<p>&nbsp;7,357&nbsp;total views<\/p>\n<div class=\"pvc_clear\"><\/div>\n<p class=\"pvc_stats all \" data-element-id=\"8\" style=\"\"><i class=\"pvc-stats-icon medium\" aria-hidden=\"true\"><svg aria-hidden=\"true\" focusable=\"false\" data-prefix=\"far\" data-icon=\"chart-bar\" role=\"img\" xmlns=\"http:\/\/www.w3.org\/2000\/svg\" viewBox=\"0 0 512 512\" class=\"svg-inline--fa fa-chart-bar fa-w-16 fa-2x\"><path fill=\"currentColor\" d=\"M396.8 352h22.4c6.4 0 12.8-6.4 12.8-12.8V108.8c0-6.4-6.4-12.8-12.8-12.8h-22.4c-6.4 0-12.8 6.4-12.8 12.8v230.4c0 6.4 6.4 12.8 12.8 12.8zm-192 0h22.4c6.4 0 12.8-6.4 12.8-12.8V140.8c0-6.4-6.4-12.8-12.8-12.8h-22.4c-6.4 0-12.8 6.4-12.8 12.8v198.4c0 6.4 6.4 12.8 12.8 12.8zm96 0h22.4c6.4 0 12.8-6.4 12.8-12.8V204.8c0-6.4-6.4-12.8-12.8-12.8h-22.4c-6.4 0-12.8 6.4-12.8 12.8v134.4c0 6.4 6.4 12.8 12.8 12.8zM496 400H48V80c0-8.84-7.16-16-16-16H16C7.16 64 0 71.16 0 80v336c0 17.67 14.33 32 32 32h464c8.84 0 16-7.16 16-16v-16c0-8.84-7.16-16-16-16zm-387.2-48h22.4c6.4 0 12.8-6.4 12.8-12.8v-70.4c0-6.4-6.4-12.8-12.8-12.8h-22.4c-6.4 0-12.8 6.4-12.8 12.8v70.4c0 6.4 6.4 12.8 12.8 12.8z\" class=\"\"><\/path><\/svg><\/i> &nbsp;7,357&nbsp;total views<\/p>\n<div class=\"pvc_clear\"><\/div>\n","protected":false},"author":1,"featured_media":0,"parent":0,"menu_order":0,"comment_status":"closed","ping_status":"closed","template":"","meta":{"footnotes":""},"_links":{"self":[{"href":"https:\/\/www.irapuato.gob.mx\/transparencia\/wp-json\/wp\/v2\/pages\/8"}],"collection":[{"href":"https:\/\/www.irapuato.gob.mx\/transparencia\/wp-json\/wp\/v2\/pages"}],"about":[{"href":"https:\/\/www.irapuato.gob.mx\/transparencia\/wp-json\/wp\/v2\/types\/page"}],"author":[{"embeddable":true,"href":"https:\/\/www.irapuato.gob.mx\/transparencia\/wp-json\/wp\/v2\/users\/1"}],"replies":[{"embeddable":true,"href":"https:\/\/www.irapuato.gob.mx\/transparencia\/wp-json\/wp\/v2\/comments?post=8"}],"version-history":[{"count":6,"href":"https:\/\/www.irapuato.gob.mx\/transparencia\/wp-json\/wp\/v2\/pages\/8\/revisions"}],"predecessor-version":[{"id":13987,"href":"https:\/\/www.irapuato.gob.mx\/transparencia\/wp-json\/wp\/v2\/pages\/8\/revisions\/13987"}],"wp:attachment":[{"href":"https:\/\/www.irapuato.gob.mx\/transparencia\/wp-json\/wp\/v2\/media?parent=8"}],"curies":[{"name":"wp","href":"https:\/\/api.w.org\/{rel}","templated":true}]}}