{"id":6,"date":"2015-11-20T16:18:59","date_gmt":"2015-11-20T22:18:59","guid":{"rendered":"http:\/\/www.irapuato.gob.mx\/transparencia\/?page_id=6"},"modified":"2020-01-27T10:05:10","modified_gmt":"2020-01-27T16:05:10","slug":"recepcion-de-solicitudes","status":"publish","type":"page","link":"https:\/\/www.irapuato.gob.mx\/transparencia\/recepcion-de-solicitudes\/","title":{"rendered":"Recepci\u00f3n de Solicitudes"},"content":{"rendered":"<table style=\"width: 619px;\">\n<tbody>\n<tr style=\"height: 310px;\">\n<td style=\"width: 310px; height: 310px;\"><a href=\"http:\/\/www.plataformadetransparencia.org.mx\/\" target=\"_blank\" rel=\"noopener noreferrer\"><img decoding=\"async\" loading=\"lazy\" class=\"aligncenter size-full wp-image-3871\" src=\"https:\/\/www.irapuato.gob.mx\/transparencia\/wp-content\/uploads\/2016\/09\/PNT_informacion_publica-1.gif\" alt=\"\" width=\"320\" height=\"320\" \/><\/a><\/td>\n<td style=\"width: 323px; text-align: center; height: 310px;\"><strong>Las Solicitudes de Informaci\u00f3n se recibir\u00e1n las oficinas de esta Unidad.<\/strong><\/p>\n<ul>\n<li><strong>V\u00eda <a href=\"http:\/\/www.plataformadetransparencia.org.mx\/\" target=\"_blank\" rel=\"noopener noreferrer\">Plataforma Nacional de Transparencia<\/a><\/strong><\/li>\n<li><strong>De manera presencial en:\u00a0 \u00a0<\/strong>Palacio Municipal, S\/N,<br \/>\nZona Centro, C.P. 36500, Irapuato, Gto., M\u00e9xico.<\/li>\n<\/ul>\n<\/td>\n<\/tr>\n<\/tbody>\n<\/table>\n<p><iframe loading=\"lazy\" style=\"border: 0;\" src=\"https:\/\/www.google.com\/maps\/embed?pb=!1m14!1m8!1m3!1d329.9466231579969!2d-101.34746556225505!3d20.672836932250963!3m2!1i1024!2i768!4f13.1!3m3!1m2!1s0x0000000000000000%3A0x86e3ae0751c3453e!2sPresidencia+Municipal!5e0!3m2!1ses-419!2sus!4v1448310419785\" width=\"100%\" height=\"450\" frameborder=\"0\" allowfullscreen=\"allowfullscreen\"><\/iframe><\/p>\n<div class=\"pvc_clear\"><\/div>\n<p class=\"pvc_stats all \" data-element-id=\"6\" style=\"\"><i class=\"pvc-stats-icon medium\" aria-hidden=\"true\"><svg aria-hidden=\"true\" focusable=\"false\" data-prefix=\"far\" data-icon=\"chart-bar\" role=\"img\" xmlns=\"http:\/\/www.w3.org\/2000\/svg\" viewBox=\"0 0 512 512\" class=\"svg-inline--fa fa-chart-bar fa-w-16 fa-2x\"><path fill=\"currentColor\" d=\"M396.8 352h22.4c6.4 0 12.8-6.4 12.8-12.8V108.8c0-6.4-6.4-12.8-12.8-12.8h-22.4c-6.4 0-12.8 6.4-12.8 12.8v230.4c0 6.4 6.4 12.8 12.8 12.8zm-192 0h22.4c6.4 0 12.8-6.4 12.8-12.8V140.8c0-6.4-6.4-12.8-12.8-12.8h-22.4c-6.4 0-12.8 6.4-12.8 12.8v198.4c0 6.4 6.4 12.8 12.8 12.8zm96 0h22.4c6.4 0 12.8-6.4 12.8-12.8V204.8c0-6.4-6.4-12.8-12.8-12.8h-22.4c-6.4 0-12.8 6.4-12.8 12.8v134.4c0 6.4 6.4 12.8 12.8 12.8zM496 400H48V80c0-8.84-7.16-16-16-16H16C7.16 64 0 71.16 0 80v336c0 17.67 14.33 32 32 32h464c8.84 0 16-7.16 16-16v-16c0-8.84-7.16-16-16-16zm-387.2-48h22.4c6.4 0 12.8-6.4 12.8-12.8v-70.4c0-6.4-6.4-12.8-12.8-12.8h-22.4c-6.4 0-12.8 6.4-12.8 12.8v70.4c0 6.4 6.4 12.8 12.8 12.8z\" class=\"\"><\/path><\/svg><\/i> &nbsp;11,475&nbsp;total views, &nbsp;1&nbsp;views today<\/p>\n<div class=\"pvc_clear\"><\/div>\n","protected":false},"excerpt":{"rendered":"<p>Las Solicitudes de Informaci\u00f3n se recibir\u00e1n las oficinas de esta Unidad. V\u00eda Plataforma Nacional de Transparencia De manera presencial en:\u00a0 \u00a0Palacio Municipal, S\/N, Zona Centro,&#8230;<\/p>\n<div class=\"pvc_clear\"><\/div>\n<p class=\"pvc_stats all \" data-element-id=\"6\" style=\"\"><i class=\"pvc-stats-icon medium\" aria-hidden=\"true\"><svg aria-hidden=\"true\" focusable=\"false\" data-prefix=\"far\" data-icon=\"chart-bar\" role=\"img\" xmlns=\"http:\/\/www.w3.org\/2000\/svg\" viewBox=\"0 0 512 512\" class=\"svg-inline--fa fa-chart-bar fa-w-16 fa-2x\"><path fill=\"currentColor\" d=\"M396.8 352h22.4c6.4 0 12.8-6.4 12.8-12.8V108.8c0-6.4-6.4-12.8-12.8-12.8h-22.4c-6.4 0-12.8 6.4-12.8 12.8v230.4c0 6.4 6.4 12.8 12.8 12.8zm-192 0h22.4c6.4 0 12.8-6.4 12.8-12.8V140.8c0-6.4-6.4-12.8-12.8-12.8h-22.4c-6.4 0-12.8 6.4-12.8 12.8v198.4c0 6.4 6.4 12.8 12.8 12.8zm96 0h22.4c6.4 0 12.8-6.4 12.8-12.8V204.8c0-6.4-6.4-12.8-12.8-12.8h-22.4c-6.4 0-12.8 6.4-12.8 12.8v134.4c0 6.4 6.4 12.8 12.8 12.8zM496 400H48V80c0-8.84-7.16-16-16-16H16C7.16 64 0 71.16 0 80v336c0 17.67 14.33 32 32 32h464c8.84 0 16-7.16 16-16v-16c0-8.84-7.16-16-16-16zm-387.2-48h22.4c6.4 0 12.8-6.4 12.8-12.8v-70.4c0-6.4-6.4-12.8-12.8-12.8h-22.4c-6.4 0-12.8 6.4-12.8 12.8v70.4c0 6.4 6.4 12.8 12.8 12.8z\" class=\"\"><\/path><\/svg><\/i> &nbsp;11,475&nbsp;total views, &nbsp;1&nbsp;views today<\/p>\n<div class=\"pvc_clear\"><\/div>\n","protected":false},"author":1,"featured_media":0,"parent":0,"menu_order":0,"comment_status":"closed","ping_status":"closed","template":"","meta":{"footnotes":""},"_links":{"self":[{"href":"https:\/\/www.irapuato.gob.mx\/transparencia\/wp-json\/wp\/v2\/pages\/6"}],"collection":[{"href":"https:\/\/www.irapuato.gob.mx\/transparencia\/wp-json\/wp\/v2\/pages"}],"about":[{"href":"https:\/\/www.irapuato.gob.mx\/transparencia\/wp-json\/wp\/v2\/types\/page"}],"author":[{"embeddable":true,"href":"https:\/\/www.irapuato.gob.mx\/transparencia\/wp-json\/wp\/v2\/users\/1"}],"replies":[{"embeddable":true,"href":"https:\/\/www.irapuato.gob.mx\/transparencia\/wp-json\/wp\/v2\/comments?post=6"}],"version-history":[{"count":3,"href":"https:\/\/www.irapuato.gob.mx\/transparencia\/wp-json\/wp\/v2\/pages\/6\/revisions"}],"predecessor-version":[{"id":10494,"href":"https:\/\/www.irapuato.gob.mx\/transparencia\/wp-json\/wp\/v2\/pages\/6\/revisions\/10494"}],"wp:attachment":[{"href":"https:\/\/www.irapuato.gob.mx\/transparencia\/wp-json\/wp\/v2\/media?parent=6"}],"curies":[{"name":"wp","href":"https:\/\/api.w.org\/{rel}","templated":true}]}}