{"id":549,"date":"2016-09-29T15:19:05","date_gmt":"2016-09-29T21:19:05","guid":{"rendered":"http:\/\/www.irapuato.gob.mx\/transparencia\/?page_id=549"},"modified":"2020-01-27T09:39:30","modified_gmt":"2020-01-27T15:39:30","slug":"que-es-la-uaip","status":"publish","type":"page","link":"https:\/\/www.irapuato.gob.mx\/transparencia\/que-es-la-uaip\/","title":{"rendered":"\u00bfQu\u00e9 es la Unidad de Transparencia?"},"content":{"rendered":"<p style=\"text-align: justify;\">La Unidad de Transparencia es el v\u00ednculo entre el sujeto obligado y el particular.<\/p>\n<p style=\"text-align: justify;\">Dicha Unidad es la responsable del acceso a la informaci\u00f3n p\u00fablica, adem\u00e1s de ser la encargada de recibir y atender las solicitudes de informaci\u00f3n p\u00fablica que se le formulen.<\/p>\n<h3 style=\"text-align: justify;\">Atribuciones de la Unidad de Transparencia:<\/h3>\n<ul>\n<li style=\"list-style-type: none;\">\n<ul>\n<li style=\"text-align: justify;\">Recabar y difundir la informaci\u00f3n p\u00fablica.<\/li>\n<\/ul>\n<\/li>\n<\/ul>\n<ul>\n<li style=\"list-style-type: none;\">\n<ul>\n<li style=\"text-align: justify;\">Recibir y dar tr\u00e1mite a las solicitudes de acceso la informaci\u00f3n p\u00fablica.<\/li>\n<\/ul>\n<\/li>\n<\/ul>\n<ul>\n<li style=\"list-style-type: none;\">\n<ul>\n<li style=\"text-align: justify;\">Auxiliar a los particulares en la elaboraci\u00f3n de solicitudes de informaci\u00f3n.<\/li>\n<li style=\"text-align: justify;\">Entregar o negar la informaci\u00f3n requerida fundando y motivado su resoluci\u00f3n en los t\u00e9rminos de Ley.<\/li>\n<\/ul>\n<\/li>\n<\/ul>\n<h3 style=\"text-align: justify;\">Misi\u00f3n, Visi\u00f3n y Valores:<\/h3>\n<p style=\"text-align: justify;\"><strong>Misi\u00f3n:<\/strong> Que la sociedad conozca y ejerza el derecho de acceso a la informaci\u00f3n, a trav\u00e9s de las distintas modalidades que para tal efecto se hayan establecido.<\/p>\n<p><strong>Visi\u00f3n:<\/strong> Que la cultura de transparencia est\u00e9 garantizada a todos los ciudadanos para que puedan acceder y hacer uso de la misma.<\/p>\n<p><strong>Valores:<\/strong> Transparencia, Imparcialidad, Honestidad, Legalidad, Respeto.<\/p>\n<div class=\"pvc_clear\"><\/div>\n<p class=\"pvc_stats all \" data-element-id=\"549\" style=\"\"><i class=\"pvc-stats-icon medium\" aria-hidden=\"true\"><svg aria-hidden=\"true\" focusable=\"false\" data-prefix=\"far\" data-icon=\"chart-bar\" role=\"img\" xmlns=\"http:\/\/www.w3.org\/2000\/svg\" viewBox=\"0 0 512 512\" class=\"svg-inline--fa fa-chart-bar fa-w-16 fa-2x\"><path fill=\"currentColor\" d=\"M396.8 352h22.4c6.4 0 12.8-6.4 12.8-12.8V108.8c0-6.4-6.4-12.8-12.8-12.8h-22.4c-6.4 0-12.8 6.4-12.8 12.8v230.4c0 6.4 6.4 12.8 12.8 12.8zm-192 0h22.4c6.4 0 12.8-6.4 12.8-12.8V140.8c0-6.4-6.4-12.8-12.8-12.8h-22.4c-6.4 0-12.8 6.4-12.8 12.8v198.4c0 6.4 6.4 12.8 12.8 12.8zm96 0h22.4c6.4 0 12.8-6.4 12.8-12.8V204.8c0-6.4-6.4-12.8-12.8-12.8h-22.4c-6.4 0-12.8 6.4-12.8 12.8v134.4c0 6.4 6.4 12.8 12.8 12.8zM496 400H48V80c0-8.84-7.16-16-16-16H16C7.16 64 0 71.16 0 80v336c0 17.67 14.33 32 32 32h464c8.84 0 16-7.16 16-16v-16c0-8.84-7.16-16-16-16zm-387.2-48h22.4c6.4 0 12.8-6.4 12.8-12.8v-70.4c0-6.4-6.4-12.8-12.8-12.8h-22.4c-6.4 0-12.8 6.4-12.8 12.8v70.4c0 6.4 6.4 12.8 12.8 12.8z\" class=\"\"><\/path><\/svg><\/i> &nbsp;7,252&nbsp;total views<\/p>\n<div class=\"pvc_clear\"><\/div>\n","protected":false},"excerpt":{"rendered":"<p>La Unidad de Transparencia es el v\u00ednculo entre el sujeto obligado y el particular. Dicha Unidad es la responsable del acceso a la informaci\u00f3n p\u00fablica,&#8230;<\/p>\n<div class=\"pvc_clear\"><\/div>\n<p class=\"pvc_stats all \" data-element-id=\"549\" style=\"\"><i class=\"pvc-stats-icon medium\" aria-hidden=\"true\"><svg aria-hidden=\"true\" focusable=\"false\" data-prefix=\"far\" data-icon=\"chart-bar\" role=\"img\" xmlns=\"http:\/\/www.w3.org\/2000\/svg\" viewBox=\"0 0 512 512\" class=\"svg-inline--fa fa-chart-bar fa-w-16 fa-2x\"><path fill=\"currentColor\" d=\"M396.8 352h22.4c6.4 0 12.8-6.4 12.8-12.8V108.8c0-6.4-6.4-12.8-12.8-12.8h-22.4c-6.4 0-12.8 6.4-12.8 12.8v230.4c0 6.4 6.4 12.8 12.8 12.8zm-192 0h22.4c6.4 0 12.8-6.4 12.8-12.8V140.8c0-6.4-6.4-12.8-12.8-12.8h-22.4c-6.4 0-12.8 6.4-12.8 12.8v198.4c0 6.4 6.4 12.8 12.8 12.8zm96 0h22.4c6.4 0 12.8-6.4 12.8-12.8V204.8c0-6.4-6.4-12.8-12.8-12.8h-22.4c-6.4 0-12.8 6.4-12.8 12.8v134.4c0 6.4 6.4 12.8 12.8 12.8zM496 400H48V80c0-8.84-7.16-16-16-16H16C7.16 64 0 71.16 0 80v336c0 17.67 14.33 32 32 32h464c8.84 0 16-7.16 16-16v-16c0-8.84-7.16-16-16-16zm-387.2-48h22.4c6.4 0 12.8-6.4 12.8-12.8v-70.4c0-6.4-6.4-12.8-12.8-12.8h-22.4c-6.4 0-12.8 6.4-12.8 12.8v70.4c0 6.4 6.4 12.8 12.8 12.8z\" class=\"\"><\/path><\/svg><\/i> &nbsp;7,252&nbsp;total views<\/p>\n<div class=\"pvc_clear\"><\/div>\n","protected":false},"author":1,"featured_media":0,"parent":0,"menu_order":0,"comment_status":"closed","ping_status":"closed","template":"","meta":{"footnotes":""},"_links":{"self":[{"href":"https:\/\/www.irapuato.gob.mx\/transparencia\/wp-json\/wp\/v2\/pages\/549"}],"collection":[{"href":"https:\/\/www.irapuato.gob.mx\/transparencia\/wp-json\/wp\/v2\/pages"}],"about":[{"href":"https:\/\/www.irapuato.gob.mx\/transparencia\/wp-json\/wp\/v2\/types\/page"}],"author":[{"embeddable":true,"href":"https:\/\/www.irapuato.gob.mx\/transparencia\/wp-json\/wp\/v2\/users\/1"}],"replies":[{"embeddable":true,"href":"https:\/\/www.irapuato.gob.mx\/transparencia\/wp-json\/wp\/v2\/comments?post=549"}],"version-history":[{"count":1,"href":"https:\/\/www.irapuato.gob.mx\/transparencia\/wp-json\/wp\/v2\/pages\/549\/revisions"}],"predecessor-version":[{"id":10482,"href":"https:\/\/www.irapuato.gob.mx\/transparencia\/wp-json\/wp\/v2\/pages\/549\/revisions\/10482"}],"wp:attachment":[{"href":"https:\/\/www.irapuato.gob.mx\/transparencia\/wp-json\/wp\/v2\/media?parent=549"}],"curies":[{"name":"wp","href":"https:\/\/api.w.org\/{rel}","templated":true}]}}