{"id":464,"date":"2016-09-23T10:31:42","date_gmt":"2016-09-23T16:31:42","guid":{"rendered":"http:\/\/www.irapuato.gob.mx\/transparencia\/?page_id=464"},"modified":"2023-08-08T14:34:26","modified_gmt":"2023-08-08T20:34:26","slug":"a26-f13","status":"publish","type":"page","link":"https:\/\/www.irapuato.gob.mx\/transparencia\/a26-f13\/","title":{"rendered":"Fracci\u00f3n XIII. Unidad de Transparencia"},"content":{"rendered":"<p style=\"text-align: center;\"><a href=\"http:\/\/www.plataformadetransparencia.org.mx\" target=\"_blank\" rel=\"noopener noreferrer\"><img decoding=\"async\" loading=\"lazy\" class=\"aligncenter wp-image-3871\" src=\"https:\/\/www.irapuato.gob.mx\/transparencia\/wp-content\/uploads\/2016\/09\/PNT_informacion_publica-1.gif\" alt=\"\" width=\"227\" height=\"227\" \/><\/a><\/p>\n<p style=\"text-align: center;\"><strong>El domicilio de la Unidad de Transparencia, adem\u00e1s de la direcci\u00f3n electr\u00f3nica donde podr\u00e1n recibirse las solicitudes para obtener la informaci\u00f3n<br \/>\n<\/strong><\/p>\n<ul>\n<li><strong>Las Solicitudes de Informaci\u00f3n se recibir\u00e1n las oficinas de esta Unidad.<\/strong><\/li>\n<li><strong>Por correo electr\u00f3nico: <a href=\"mailto:transparencia.irapuato@gmail.com\">transparencia.irapuato@gmail.com<\/a><\/strong><\/li>\n<li><strong>Sistema INFOMEX GUANAJUATO: <a href=\"http:\/\/www.infomexguanajuato.org.mx\/infomex\/\" target=\"_blank\" rel=\"noopener noreferrer\">http:\/\/www.infomexguanajuato.org.mx\/infomex<\/a> en donde podr\u00e1s realizar tus solicitudes de acceso a la informaci\u00f3n v\u00eda Internet.<\/strong><\/li>\n<\/ul>\n<p style=\"text-align: center;\"><strong><a href=\"https:\/\/www.irapuato.gob.mx\/transparencia\/recepcion-de-solicitudes\/pnt_logo\/\" rel=\"attachment wp-att-546\"><img decoding=\"async\" loading=\"lazy\" class=\"aligncenter  wp-image-546\" src=\"https:\/\/www.irapuato.gob.mx\/transparencia\/wp-content\/uploads\/2015\/11\/pnt_logo.png\" alt=\"\" width=\"170\" height=\"112\" \/><\/a><br \/>\nPresidencia Municipal de Irapuato<\/strong><br \/>\nJard\u00edn Principal,Col. Centro,36500 Irapuato, Gto.,M\u00e9xico<\/p>\n<p><a href=\"https:\/\/www.irapuato.gob.mx\/transparencia\/imco\/attachment\/2023\/\" rel=\"attachment wp-att-20521\"><img decoding=\"async\" loading=\"lazy\" class=\"aligncenter size-full wp-image-20521\" src=\"https:\/\/www.irapuato.gob.mx\/transparencia\/wp-content\/uploads\/2023\/02\/2023.jpg\" alt=\"\" width=\"288\" height=\"111\" \/><\/a><\/p>\n<table style=\"border-collapse: collapse; width: 100%;\">\n<tbody>\n<tr>\n<td style=\"text-align: center; vertical-align: middle; background-color: #dbdbdb; width: 27.8571%;\"><strong>Unidad de Transparencia<\/strong><\/td>\n<td style=\"text-align: center; background-color: #dbdbdb; width: 17.9762%;\">1er Trimestre<\/td>\n<td style=\"text-align: center; background-color: #dbdbdb; width: 17.9762%;\">2do Trimestre<\/td>\n<td style=\"text-align: center; background-color: #dbdbdb; width: 17.9762%;\">3er Trimestre<\/td>\n<td style=\"text-align: center; background-color: #dbdbdb; width: 17.9762%;\">4to Trimestre<\/td>\n<\/tr>\n<tr>\n<td style=\"vertical-align: middle; text-align: center; width: 27.8571%;\">Unidad de Acceso<\/td>\n<td style=\"text-align: center; width: 17.9762%;\"><a href=\"https:\/\/transparencia.irapuato.gob.mx\/ART26\/2023\/Transparencia\/1T\/23_1T_UT_A26_F13.xlsx\"><img decoding=\"async\" loading=\"lazy\" class=\"wp-image-434 aligncenter\" src=\"https:\/\/www.irapuato.gob.mx\/transparencia\/wp-content\/uploads\/2016\/09\/excel-icon.png\" alt=\"\" width=\"50\" height=\"50\" srcset=\"https:\/\/www.irapuato.gob.mx\/transparencia\/wp-content\/uploads\/2016\/09\/excel-icon.png 256w, https:\/\/www.irapuato.gob.mx\/transparencia\/wp-content\/uploads\/2016\/09\/excel-icon-150x150.png 150w\" sizes=\"(max-width: 50px) 100vw, 50px\" \/><\/a><\/td>\n<td style=\"text-align: center; width: 17.9762%;\"><a href=\"https:\/\/transparencia.irapuato.gob.mx\/ART26\/2023\/Transparencia\/2T\/23_2T_UT_A26_F13.xlsx\"><img decoding=\"async\" loading=\"lazy\" class=\"wp-image-434 aligncenter\" src=\"https:\/\/www.irapuato.gob.mx\/transparencia\/wp-content\/uploads\/2016\/09\/excel-icon.png\" alt=\"\" width=\"50\" height=\"50\" srcset=\"https:\/\/www.irapuato.gob.mx\/transparencia\/wp-content\/uploads\/2016\/09\/excel-icon.png 256w, https:\/\/www.irapuato.gob.mx\/transparencia\/wp-content\/uploads\/2016\/09\/excel-icon-150x150.png 150w\" sizes=\"(max-width: 50px) 100vw, 50px\" \/><\/a><\/td>\n<td style=\"text-align: center; width: 17.9762%;\"><\/td>\n<td style=\"text-align: center; width: 17.9762%;\"><\/td>\n<\/tr>\n<\/tbody>\n<\/table>\n<p><a href=\"https:\/\/www.irapuato.gob.mx\/transparencia\/fraccion-i-leyes-y-reglamentos\/attachment\/2022\/\" rel=\"attachment wp-att-18050\"><img decoding=\"async\" loading=\"lazy\" class=\"aligncenter size-full wp-image-18050\" src=\"https:\/\/www.irapuato.gob.mx\/transparencia\/wp-content\/uploads\/2022\/03\/2022.jpg\" alt=\"\" width=\"286\" height=\"124\" \/><\/a><\/p>\n<table class=\"aligncenter\" border=\"2\">\n<tbody>\n<tr>\n<td style=\"text-align: center; vertical-align: middle; background-color: #dbdbdb; width: 124px;\"><strong>Unidad de Transparencia<\/strong><\/td>\n<td style=\"text-align: center; background-color: #dbdbdb; width: 80px;\">1er Trimestre<\/td>\n<td style=\"text-align: center; background-color: #dbdbdb; width: 80px;\">2do Trimestre<\/td>\n<td style=\"text-align: center; background-color: #dbdbdb; width: 80px;\">3er Trimestre<\/td>\n<td style=\"text-align: center; background-color: #dbdbdb; width: 80px;\">4to Trimestre<\/td>\n<\/tr>\n<tr>\n<td style=\"vertical-align: middle; text-align: center; width: 124px;\">Unidad de Acceso<\/td>\n<td style=\"text-align: center; width: 80px;\"><a href=\"https:\/\/transparencia.irapuato.gob.mx\/ART26\/2022\/Transparencia\/1T\/22_1T_UT_A26_F13.xlsx\"><img decoding=\"async\" loading=\"lazy\" class=\"wp-image-434 aligncenter\" src=\"https:\/\/www.irapuato.gob.mx\/transparencia\/wp-content\/uploads\/2016\/09\/excel-icon.png\" alt=\"\" width=\"50\" height=\"50\" srcset=\"https:\/\/www.irapuato.gob.mx\/transparencia\/wp-content\/uploads\/2016\/09\/excel-icon.png 256w, https:\/\/www.irapuato.gob.mx\/transparencia\/wp-content\/uploads\/2016\/09\/excel-icon-150x150.png 150w\" sizes=\"(max-width: 50px) 100vw, 50px\" \/><\/a><\/td>\n<td style=\"text-align: center; width: 80px;\"><a href=\"https:\/\/transparencia.irapuato.gob.mx\/ART26\/2022\/Transparencia\/2T\/22_2T_UT_A26_F13.xlsx\"><img decoding=\"async\" loading=\"lazy\" class=\"wp-image-434 aligncenter\" src=\"https:\/\/www.irapuato.gob.mx\/transparencia\/wp-content\/uploads\/2016\/09\/excel-icon.png\" alt=\"\" width=\"50\" height=\"50\" srcset=\"https:\/\/www.irapuato.gob.mx\/transparencia\/wp-content\/uploads\/2016\/09\/excel-icon.png 256w, https:\/\/www.irapuato.gob.mx\/transparencia\/wp-content\/uploads\/2016\/09\/excel-icon-150x150.png 150w\" sizes=\"(max-width: 50px) 100vw, 50px\" \/><\/a><\/td>\n<td style=\"text-align: center; width: 80px;\"><a href=\"https:\/\/transparencia.irapuato.gob.mx\/ART26\/2022\/Transparencia\/3T\/22_3T_UT_A26_F13.xlsx\"><img decoding=\"async\" loading=\"lazy\" class=\"aligncenter wp-image-434\" src=\"https:\/\/www.irapuato.gob.mx\/transparencia\/wp-content\/uploads\/2016\/09\/excel-icon.png\" alt=\"\" width=\"50\" height=\"50\" srcset=\"https:\/\/www.irapuato.gob.mx\/transparencia\/wp-content\/uploads\/2016\/09\/excel-icon.png 256w, https:\/\/www.irapuato.gob.mx\/transparencia\/wp-content\/uploads\/2016\/09\/excel-icon-150x150.png 150w\" sizes=\"(max-width: 50px) 100vw, 50px\" \/><\/a><\/td>\n<td style=\"text-align: center; width: 80px;\"><a href=\"https:\/\/transparencia.irapuato.gob.mx\/ART26\/2022\/Transparencia\/4T\/22_4T_UT_A26_F13.xlsx\"><img decoding=\"async\" loading=\"lazy\" class=\"wp-image-434 aligncenter\" src=\"https:\/\/www.irapuato.gob.mx\/transparencia\/wp-content\/uploads\/2016\/09\/excel-icon.png\" alt=\"\" width=\"50\" height=\"50\" srcset=\"https:\/\/www.irapuato.gob.mx\/transparencia\/wp-content\/uploads\/2016\/09\/excel-icon.png 256w, https:\/\/www.irapuato.gob.mx\/transparencia\/wp-content\/uploads\/2016\/09\/excel-icon-150x150.png 150w\" sizes=\"(max-width: 50px) 100vw, 50px\" \/><\/a><\/td>\n<\/tr>\n<\/tbody>\n<\/table>\n<p><a href=\"https:\/\/www.irapuato.gob.mx\/transparencia\/clasificacion-por-objeto-del-gato-a-nivel-de-capitulo-concepto-y-partida-generica\/attachment\/2021\/\" rel=\"attachment wp-att-14058\"><img decoding=\"async\" loading=\"lazy\" class=\"aligncenter  wp-image-14058\" src=\"https:\/\/www.irapuato.gob.mx\/transparencia\/wp-content\/uploads\/2021\/02\/2021-e1614098541780.png\" alt=\"\" width=\"171\" height=\"67\" srcset=\"https:\/\/www.irapuato.gob.mx\/transparencia\/wp-content\/uploads\/2021\/02\/2021-e1614098541780.png 386w, https:\/\/www.irapuato.gob.mx\/transparencia\/wp-content\/uploads\/2021\/02\/2021-e1614098541780-300x117.png 300w\" sizes=\"(max-width: 171px) 100vw, 171px\" \/><\/a><\/p>\n<table class=\"aligncenter\" style=\"width: 460px;\" border=\"2\">\n<tbody>\n<tr>\n<td style=\"text-align: center; vertical-align: middle; background-color: #dbdbdb; width: 124px;\"><strong>Unidad de Transparencia<\/strong><\/td>\n<td style=\"text-align: center; background-color: #dbdbdb; width: 80px;\">1er Trimestre<\/td>\n<td style=\"text-align: center; background-color: #dbdbdb; width: 80px;\">2do Trimestre<\/td>\n<td style=\"text-align: center; background-color: #dbdbdb; width: 80px;\">3er Trimestre<\/td>\n<td style=\"text-align: center; background-color: #dbdbdb; width: 80px;\">4to Trimestre<\/td>\n<\/tr>\n<tr>\n<td style=\"vertical-align: middle; text-align: center; width: 124px;\">Unidad de Acceso<\/td>\n<td style=\"text-align: center; width: 80px;\"><a href=\"https:\/\/transparencia.irapuato.gob.mx\/ART26\/2021\/Transparencia\/1T\/21_1T_UT_A26_F13.xlsx\"><img decoding=\"async\" loading=\"lazy\" class=\"wp-image-434 aligncenter\" src=\"https:\/\/www.irapuato.gob.mx\/transparencia\/wp-content\/uploads\/2016\/09\/excel-icon.png\" alt=\"\" width=\"50\" height=\"50\" srcset=\"https:\/\/www.irapuato.gob.mx\/transparencia\/wp-content\/uploads\/2016\/09\/excel-icon.png 256w, https:\/\/www.irapuato.gob.mx\/transparencia\/wp-content\/uploads\/2016\/09\/excel-icon-150x150.png 150w\" sizes=\"(max-width: 50px) 100vw, 50px\" \/><\/a><\/td>\n<td style=\"text-align: center; width: 80px;\"><a href=\"https:\/\/transparencia.irapuato.gob.mx\/ART26\/2021\/Transparencia\/2T\/LTAIPG26F1_XIII.xlsx\"><img decoding=\"async\" loading=\"lazy\" class=\"wp-image-434 aligncenter\" src=\"https:\/\/www.irapuato.gob.mx\/transparencia\/wp-content\/uploads\/2016\/09\/excel-icon.png\" alt=\"\" width=\"50\" height=\"50\" srcset=\"https:\/\/www.irapuato.gob.mx\/transparencia\/wp-content\/uploads\/2016\/09\/excel-icon.png 256w, https:\/\/www.irapuato.gob.mx\/transparencia\/wp-content\/uploads\/2016\/09\/excel-icon-150x150.png 150w\" sizes=\"(max-width: 50px) 100vw, 50px\" \/><\/a><\/td>\n<td style=\"text-align: center; width: 80px;\"><a href=\"https:\/\/transparencia.irapuato.gob.mx\/ART26\/2021\/Transparencia\/3T\/21_3T_UT_A26_F13.xlsx\"><img decoding=\"async\" loading=\"lazy\" class=\"wp-image-434 aligncenter\" src=\"https:\/\/www.irapuato.gob.mx\/transparencia\/wp-content\/uploads\/2016\/09\/excel-icon.png\" alt=\"\" width=\"50\" height=\"50\" srcset=\"https:\/\/www.irapuato.gob.mx\/transparencia\/wp-content\/uploads\/2016\/09\/excel-icon.png 256w, https:\/\/www.irapuato.gob.mx\/transparencia\/wp-content\/uploads\/2016\/09\/excel-icon-150x150.png 150w\" sizes=\"(max-width: 50px) 100vw, 50px\" \/><\/a><\/td>\n<td style=\"text-align: center; width: 80px;\"><a href=\"https:\/\/transparencia.irapuato.gob.mx\/ART26\/2021\/Transparencia\/4T\/21_4T_UT_A26_F13.xlsx\"><img decoding=\"async\" loading=\"lazy\" class=\"wp-image-434 aligncenter\" src=\"https:\/\/www.irapuato.gob.mx\/transparencia\/wp-content\/uploads\/2016\/09\/excel-icon.png\" alt=\"\" width=\"50\" height=\"50\" srcset=\"https:\/\/www.irapuato.gob.mx\/transparencia\/wp-content\/uploads\/2016\/09\/excel-icon.png 256w, https:\/\/www.irapuato.gob.mx\/transparencia\/wp-content\/uploads\/2016\/09\/excel-icon-150x150.png 150w\" sizes=\"(max-width: 50px) 100vw, 50px\" \/><\/a><\/td>\n<\/tr>\n<\/tbody>\n<\/table>\n<p><a href=\"https:\/\/www.irapuato.gob.mx\/transparencia\/fraccion-i-leyes-y-reglamentos\/attachment\/2020\/\" rel=\"attachment wp-att-10957\"><img decoding=\"async\" loading=\"lazy\" class=\"aligncenter wp-image-10957 size-full\" src=\"https:\/\/www.irapuato.gob.mx\/transparencia\/wp-content\/uploads\/2020\/06\/2020.png\" alt=\"\" width=\"170\" height=\"66\" \/><\/a><\/p>\n<table class=\"aligncenter\" style=\"width: 460px;\" border=\"2\">\n<tbody>\n<tr>\n<td style=\"text-align: center; vertical-align: middle; background-color: #dbdbdb; width: 124px;\"><strong>Unidad de Transparencia<\/strong><\/td>\n<td style=\"text-align: center; background-color: #dbdbdb; width: 80px;\">1er Trimestre<\/td>\n<td style=\"text-align: center; background-color: #dbdbdb; width: 80px;\">2do Trimestre<\/td>\n<td style=\"text-align: center; background-color: #dbdbdb; width: 80px;\">3er Trimestre<\/td>\n<td style=\"text-align: center; background-color: #dbdbdb; width: 80px;\">4to Trimestre<\/td>\n<\/tr>\n<tr>\n<td style=\"vertical-align: middle; text-align: center; width: 124px;\">Unidad de Acceso<\/td>\n<td style=\"text-align: center; width: 80px;\"><a href=\"https:\/\/transparencia.irapuato.gob.mx\/ART26\/2020\/Unidad%20de%20Transparencia\/1T\/20_1T_UT_A26_F13.xlsx\"><img decoding=\"async\" loading=\"lazy\" class=\"wp-image-434 aligncenter\" src=\"https:\/\/www.irapuato.gob.mx\/transparencia\/wp-content\/uploads\/2016\/09\/excel-icon.png\" alt=\"\" width=\"50\" height=\"50\" srcset=\"https:\/\/www.irapuato.gob.mx\/transparencia\/wp-content\/uploads\/2016\/09\/excel-icon.png 256w, https:\/\/www.irapuato.gob.mx\/transparencia\/wp-content\/uploads\/2016\/09\/excel-icon-150x150.png 150w\" sizes=\"(max-width: 50px) 100vw, 50px\" \/><\/a><\/td>\n<td style=\"text-align: center; width: 80px;\"><a href=\"https:\/\/transparencia.irapuato.gob.mx\/ART26\/2020\/Unidad%20de%20Transparencia\/2T\/20_2T_UT_A26_F13.xlsx\"><img decoding=\"async\" loading=\"lazy\" class=\"wp-image-434 aligncenter\" src=\"https:\/\/www.irapuato.gob.mx\/transparencia\/wp-content\/uploads\/2016\/09\/excel-icon.png\" alt=\"\" width=\"50\" height=\"50\" srcset=\"https:\/\/www.irapuato.gob.mx\/transparencia\/wp-content\/uploads\/2016\/09\/excel-icon.png 256w, https:\/\/www.irapuato.gob.mx\/transparencia\/wp-content\/uploads\/2016\/09\/excel-icon-150x150.png 150w\" sizes=\"(max-width: 50px) 100vw, 50px\" \/><\/a><\/td>\n<td style=\"text-align: center; width: 80px;\"><a href=\"https:\/\/transparencia.irapuato.gob.mx\/ART26\/2020\/Unidad%20de%20Transparencia\/3T\/20_3T_UT_A26_F13.xlsx\"><img decoding=\"async\" loading=\"lazy\" class=\"wp-image-434 aligncenter\" src=\"https:\/\/www.irapuato.gob.mx\/transparencia\/wp-content\/uploads\/2016\/09\/excel-icon.png\" alt=\"\" width=\"50\" height=\"50\" srcset=\"https:\/\/www.irapuato.gob.mx\/transparencia\/wp-content\/uploads\/2016\/09\/excel-icon.png 256w, https:\/\/www.irapuato.gob.mx\/transparencia\/wp-content\/uploads\/2016\/09\/excel-icon-150x150.png 150w\" sizes=\"(max-width: 50px) 100vw, 50px\" \/><\/a><\/td>\n<td style=\"text-align: center; width: 80px;\"><a href=\"https:\/\/transparencia.irapuato.gob.mx\/ART26\/2020\/Unidad%20de%20Transparencia\/4T\/20_4T_UT_A26_F13.xlsx\"><img decoding=\"async\" loading=\"lazy\" class=\"wp-image-434 aligncenter\" src=\"https:\/\/www.irapuato.gob.mx\/transparencia\/wp-content\/uploads\/2016\/09\/excel-icon.png\" alt=\"\" width=\"50\" height=\"50\" srcset=\"https:\/\/www.irapuato.gob.mx\/transparencia\/wp-content\/uploads\/2016\/09\/excel-icon.png 256w, https:\/\/www.irapuato.gob.mx\/transparencia\/wp-content\/uploads\/2016\/09\/excel-icon-150x150.png 150w\" sizes=\"(max-width: 50px) 100vw, 50px\" \/><\/a><\/td>\n<\/tr>\n<\/tbody>\n<\/table>\n<p style=\"text-align: center;\"><a href=\"https:\/\/www.irapuato.gob.mx\/transparencia\/articulo-28\/logo-2019\/\" rel=\"attachment wp-att-8588\"><img decoding=\"async\" loading=\"lazy\" class=\"aligncenter wp-image-8588 \" src=\"https:\/\/www.irapuato.gob.mx\/transparencia\/wp-content\/uploads\/2019\/07\/Logo-2019.jpg\" alt=\"\" width=\"180\" height=\"71\" \/><\/a><\/p>\n<table class=\"aligncenter\" style=\"width: 460px;\" border=\"2\">\n<tbody>\n<tr>\n<td style=\"text-align: center; vertical-align: middle; background-color: #dbdbdb;\"><strong>Unidad de Transparencia<\/strong><\/td>\n<td style=\"text-align: center; background-color: #dbdbdb;\">1er Trimestre<\/td>\n<td style=\"text-align: center; background-color: #dbdbdb;\">2do Trimestre<\/td>\n<td style=\"text-align: center; background-color: #dbdbdb;\">3er Trimestre<\/td>\n<td style=\"text-align: center; background-color: #dbdbdb;\">4to Trimestre<\/td>\n<\/tr>\n<tr>\n<td style=\"vertical-align: middle; text-align: center;\">Unidad de Acceso<\/td>\n<td style=\"text-align: center;\"><a href=\"https:\/\/transparencia.irapuato.gob.mx\/ART26\/2019\/1T\/13.FR-XIII\/19_1T_UT_A26_F13.xlsx\"><br \/>\n<img decoding=\"async\" loading=\"lazy\" class=\"aligncenter wp-image-434\" src=\"https:\/\/www.irapuato.gob.mx\/transparencia\/wp-content\/uploads\/2016\/09\/excel-icon.png\" alt=\"\" width=\"50\" height=\"50\" srcset=\"https:\/\/www.irapuato.gob.mx\/transparencia\/wp-content\/uploads\/2016\/09\/excel-icon.png 256w, https:\/\/www.irapuato.gob.mx\/transparencia\/wp-content\/uploads\/2016\/09\/excel-icon-150x150.png 150w\" sizes=\"(max-width: 50px) 100vw, 50px\" \/><\/a><\/td>\n<td style=\"text-align: center;\"><a href=\"https:\/\/transparencia.irapuato.gob.mx\/ART26\/2019\/2T\/13.FR-XIII\/19_2T_UT_A26_F13.xlsx\"><br \/>\n<img decoding=\"async\" loading=\"lazy\" class=\"aligncenter wp-image-434\" src=\"https:\/\/www.irapuato.gob.mx\/transparencia\/wp-content\/uploads\/2016\/09\/excel-icon.png\" alt=\"\" width=\"50\" height=\"50\" srcset=\"https:\/\/www.irapuato.gob.mx\/transparencia\/wp-content\/uploads\/2016\/09\/excel-icon.png 256w, https:\/\/www.irapuato.gob.mx\/transparencia\/wp-content\/uploads\/2016\/09\/excel-icon-150x150.png 150w\" sizes=\"(max-width: 50px) 100vw, 50px\" \/><\/a><\/td>\n<td style=\"text-align: center;\">\u00a0<a href=\"https:\/\/transparencia.irapuato.gob.mx\/ART26\/2019\/3T\/13.FR-XIII\/19_3T_UT_A26_F13.xlsx\"><img decoding=\"async\" loading=\"lazy\" class=\"aligncenter wp-image-434\" src=\"https:\/\/www.irapuato.gob.mx\/transparencia\/wp-content\/uploads\/2016\/09\/excel-icon.png\" alt=\"\" width=\"50\" height=\"50\" srcset=\"https:\/\/www.irapuato.gob.mx\/transparencia\/wp-content\/uploads\/2016\/09\/excel-icon.png 256w, https:\/\/www.irapuato.gob.mx\/transparencia\/wp-content\/uploads\/2016\/09\/excel-icon-150x150.png 150w\" sizes=\"(max-width: 50px) 100vw, 50px\" \/><\/a><\/td>\n<td style=\"text-align: center;\">\u00a0<a href=\"https:\/\/transparencia.irapuato.gob.mx\/ART26\/2019\/4T\/13.FR-XIII\/19_4T_UT_A26_F13.xlsx\"><img decoding=\"async\" loading=\"lazy\" class=\"aligncenter wp-image-434\" src=\"https:\/\/www.irapuato.gob.mx\/transparencia\/wp-content\/uploads\/2016\/09\/excel-icon.png\" alt=\"\" width=\"50\" height=\"50\" srcset=\"https:\/\/www.irapuato.gob.mx\/transparencia\/wp-content\/uploads\/2016\/09\/excel-icon.png 256w, https:\/\/www.irapuato.gob.mx\/transparencia\/wp-content\/uploads\/2016\/09\/excel-icon-150x150.png 150w\" sizes=\"(max-width: 50px) 100vw, 50px\" \/><\/a><\/td>\n<\/tr>\n<\/tbody>\n<\/table>\n<p style=\"text-align: center;\">\n<p style=\"text-align: center;\">\n<p style=\"text-align: center;\"><iframe loading=\"lazy\" style=\"border: 0;\" src=\"https:\/\/www.google.com\/maps\/embed?pb=!1m14!1m8!1m3!1d329.9466231579969!2d-101.34746556225505!3d20.672836932250963!3m2!1i1024!2i768!4f13.1!3m3!1m2!1s0x0000000000000000%3A0x86e3ae0751c3453e!2sPresidencia+Municipal!5e0!3m2!1ses-419!2sus!4v1448310419785\" width=\"100%\" height=\"450\" frameborder=\"0\" allowfullscreen=\"allowfullscreen\"><\/iframe><\/p>\n<div class=\"pvc_clear\"><\/div>\n<p class=\"pvc_stats all \" data-element-id=\"464\" style=\"\"><i class=\"pvc-stats-icon medium\" aria-hidden=\"true\"><svg aria-hidden=\"true\" focusable=\"false\" data-prefix=\"far\" data-icon=\"chart-bar\" role=\"img\" xmlns=\"http:\/\/www.w3.org\/2000\/svg\" viewBox=\"0 0 512 512\" class=\"svg-inline--fa fa-chart-bar fa-w-16 fa-2x\"><path fill=\"currentColor\" d=\"M396.8 352h22.4c6.4 0 12.8-6.4 12.8-12.8V108.8c0-6.4-6.4-12.8-12.8-12.8h-22.4c-6.4 0-12.8 6.4-12.8 12.8v230.4c0 6.4 6.4 12.8 12.8 12.8zm-192 0h22.4c6.4 0 12.8-6.4 12.8-12.8V140.8c0-6.4-6.4-12.8-12.8-12.8h-22.4c-6.4 0-12.8 6.4-12.8 12.8v198.4c0 6.4 6.4 12.8 12.8 12.8zm96 0h22.4c6.4 0 12.8-6.4 12.8-12.8V204.8c0-6.4-6.4-12.8-12.8-12.8h-22.4c-6.4 0-12.8 6.4-12.8 12.8v134.4c0 6.4 6.4 12.8 12.8 12.8zM496 400H48V80c0-8.84-7.16-16-16-16H16C7.16 64 0 71.16 0 80v336c0 17.67 14.33 32 32 32h464c8.84 0 16-7.16 16-16v-16c0-8.84-7.16-16-16-16zm-387.2-48h22.4c6.4 0 12.8-6.4 12.8-12.8v-70.4c0-6.4-6.4-12.8-12.8-12.8h-22.4c-6.4 0-12.8 6.4-12.8 12.8v70.4c0 6.4 6.4 12.8 12.8 12.8z\" class=\"\"><\/path><\/svg><\/i> &nbsp;3,262&nbsp;total views, &nbsp;1&nbsp;views today<\/p>\n<div class=\"pvc_clear\"><\/div>\n","protected":false},"excerpt":{"rendered":"<p>El domicilio de la Unidad de Transparencia, adem\u00e1s de la direcci\u00f3n electr\u00f3nica donde podr\u00e1n recibirse las solicitudes para obtener la informaci\u00f3n Las Solicitudes de Informaci\u00f3n&#8230;<\/p>\n<div class=\"pvc_clear\"><\/div>\n<p class=\"pvc_stats all \" data-element-id=\"464\" style=\"\"><i class=\"pvc-stats-icon medium\" aria-hidden=\"true\"><svg aria-hidden=\"true\" focusable=\"false\" data-prefix=\"far\" data-icon=\"chart-bar\" role=\"img\" xmlns=\"http:\/\/www.w3.org\/2000\/svg\" viewBox=\"0 0 512 512\" class=\"svg-inline--fa fa-chart-bar fa-w-16 fa-2x\"><path fill=\"currentColor\" d=\"M396.8 352h22.4c6.4 0 12.8-6.4 12.8-12.8V108.8c0-6.4-6.4-12.8-12.8-12.8h-22.4c-6.4 0-12.8 6.4-12.8 12.8v230.4c0 6.4 6.4 12.8 12.8 12.8zm-192 0h22.4c6.4 0 12.8-6.4 12.8-12.8V140.8c0-6.4-6.4-12.8-12.8-12.8h-22.4c-6.4 0-12.8 6.4-12.8 12.8v198.4c0 6.4 6.4 12.8 12.8 12.8zm96 0h22.4c6.4 0 12.8-6.4 12.8-12.8V204.8c0-6.4-6.4-12.8-12.8-12.8h-22.4c-6.4 0-12.8 6.4-12.8 12.8v134.4c0 6.4 6.4 12.8 12.8 12.8zM496 400H48V80c0-8.84-7.16-16-16-16H16C7.16 64 0 71.16 0 80v336c0 17.67 14.33 32 32 32h464c8.84 0 16-7.16 16-16v-16c0-8.84-7.16-16-16-16zm-387.2-48h22.4c6.4 0 12.8-6.4 12.8-12.8v-70.4c0-6.4-6.4-12.8-12.8-12.8h-22.4c-6.4 0-12.8 6.4-12.8 12.8v70.4c0 6.4 6.4 12.8 12.8 12.8z\" class=\"\"><\/path><\/svg><\/i> &nbsp;3,262&nbsp;total views, &nbsp;1&nbsp;views today<\/p>\n<div class=\"pvc_clear\"><\/div>\n","protected":false},"author":1,"featured_media":0,"parent":0,"menu_order":0,"comment_status":"closed","ping_status":"closed","template":"","meta":{"footnotes":""},"_links":{"self":[{"href":"https:\/\/www.irapuato.gob.mx\/transparencia\/wp-json\/wp\/v2\/pages\/464"}],"collection":[{"href":"https:\/\/www.irapuato.gob.mx\/transparencia\/wp-json\/wp\/v2\/pages"}],"about":[{"href":"https:\/\/www.irapuato.gob.mx\/transparencia\/wp-json\/wp\/v2\/types\/page"}],"author":[{"embeddable":true,"href":"https:\/\/www.irapuato.gob.mx\/transparencia\/wp-json\/wp\/v2\/users\/1"}],"replies":[{"embeddable":true,"href":"https:\/\/www.irapuato.gob.mx\/transparencia\/wp-json\/wp\/v2\/comments?post=464"}],"version-history":[{"count":29,"href":"https:\/\/www.irapuato.gob.mx\/transparencia\/wp-json\/wp\/v2\/pages\/464\/revisions"}],"predecessor-version":[{"id":22907,"href":"https:\/\/www.irapuato.gob.mx\/transparencia\/wp-json\/wp\/v2\/pages\/464\/revisions\/22907"}],"wp:attachment":[{"href":"https:\/\/www.irapuato.gob.mx\/transparencia\/wp-json\/wp\/v2\/media?parent=464"}],"curies":[{"name":"wp","href":"https:\/\/api.w.org\/{rel}","templated":true}]}}