{"id":46,"date":"2015-11-20T16:53:50","date_gmt":"2015-11-20T22:53:50","guid":{"rendered":"http:\/\/www.irapuato.gob.mx\/transparencia\/?page_id=46"},"modified":"2020-01-27T10:12:30","modified_gmt":"2020-01-27T16:12:30","slug":"costos-de-entrega-de-informacion","status":"publish","type":"page","link":"https:\/\/www.irapuato.gob.mx\/transparencia\/costos-de-entrega-de-informacion\/","title":{"rendered":"Costos de Entrega de Informaci\u00f3n"},"content":{"rendered":"<h3>LEY DE INGRESOS 2020<\/h3>\n<p style=\"text-align: justify;\"><strong>Art\u00edculo 33<\/strong>. Los derechos por los servicios de acceso a la informaci\u00f3n p\u00fablica, cuando medie solicitud, se causar\u00e1n y liquidar\u00e1n conforme a las siguientes cuotas:<\/p>\n<table style=\"width: 100%;\" border=\"0\" width=\"100%\" cellspacing=\"0\" cellpadding=\"0\">\n<tbody>\n<tr>\n<td style=\"width: 4.2328%;\">I.<\/td>\n<td style=\"width: 85.7143%;\">Por consulta.<\/td>\n<td style=\"width: 9.70018%;\">Exento<\/td>\n<\/tr>\n<tr>\n<td style=\"width: 4.2328%;\">II.<\/td>\n<td style=\"width: 85.7143%;\">Por la expedici\u00f3n de copias simples, por cada copia.<\/td>\n<td style=\"width: 9.70018%;\">$0.82<\/td>\n<\/tr>\n<tr>\n<td style=\"width: 4.2328%;\">III.<\/td>\n<td style=\"width: 85.7143%;\">Por la impresi\u00f3n de documentos contenidos en medios magneticos, por hoja.<\/td>\n<td style=\"width: 9.70018%;\">$1.65<\/td>\n<\/tr>\n<tr>\n<td style=\"width: 4.2328%;\">IV.<\/td>\n<td style=\"width: 85.7143%;\">Por la reproducci\u00f3n de documentos en medios magn\u00e9ticos:<br \/>\na) Disco Compacto<\/td>\n<td style=\"width: 9.70018%;\"><span style=\"font-family: inherit; font-size: inherit;\">$47.47<\/span><\/td>\n<\/tr>\n<\/tbody>\n<\/table>\n<p>Si el solicitante proporciona el medio en el que ser\u00e1 reproducida la informaci\u00f3n, no se generar\u00e1 costo alguno por la transferencia de informaci\u00f3n al dispositivo.<\/p>\n<p>Las reproducciones de no m\u00e1s de 20 hojas ser\u00e1n sin costo para\u00a0 el solicitante.<\/p>\n<div class=\"pvc_clear\"><\/div>\n<p class=\"pvc_stats all \" data-element-id=\"46\" style=\"\"><i class=\"pvc-stats-icon medium\" aria-hidden=\"true\"><svg aria-hidden=\"true\" focusable=\"false\" data-prefix=\"far\" data-icon=\"chart-bar\" role=\"img\" xmlns=\"http:\/\/www.w3.org\/2000\/svg\" viewBox=\"0 0 512 512\" class=\"svg-inline--fa fa-chart-bar fa-w-16 fa-2x\"><path fill=\"currentColor\" d=\"M396.8 352h22.4c6.4 0 12.8-6.4 12.8-12.8V108.8c0-6.4-6.4-12.8-12.8-12.8h-22.4c-6.4 0-12.8 6.4-12.8 12.8v230.4c0 6.4 6.4 12.8 12.8 12.8zm-192 0h22.4c6.4 0 12.8-6.4 12.8-12.8V140.8c0-6.4-6.4-12.8-12.8-12.8h-22.4c-6.4 0-12.8 6.4-12.8 12.8v198.4c0 6.4 6.4 12.8 12.8 12.8zm96 0h22.4c6.4 0 12.8-6.4 12.8-12.8V204.8c0-6.4-6.4-12.8-12.8-12.8h-22.4c-6.4 0-12.8 6.4-12.8 12.8v134.4c0 6.4 6.4 12.8 12.8 12.8zM496 400H48V80c0-8.84-7.16-16-16-16H16C7.16 64 0 71.16 0 80v336c0 17.67 14.33 32 32 32h464c8.84 0 16-7.16 16-16v-16c0-8.84-7.16-16-16-16zm-387.2-48h22.4c6.4 0 12.8-6.4 12.8-12.8v-70.4c0-6.4-6.4-12.8-12.8-12.8h-22.4c-6.4 0-12.8 6.4-12.8 12.8v70.4c0 6.4 6.4 12.8 12.8 12.8z\" class=\"\"><\/path><\/svg><\/i> &nbsp;3,962&nbsp;total views, &nbsp;1&nbsp;views today<\/p>\n<div class=\"pvc_clear\"><\/div>\n","protected":false},"excerpt":{"rendered":"<p>LEY DE INGRESOS 2020 Art\u00edculo 33. Los derechos por los servicios de acceso a la informaci\u00f3n p\u00fablica, cuando medie solicitud, se causar\u00e1n y liquidar\u00e1n conforme&#8230;<\/p>\n<div class=\"pvc_clear\"><\/div>\n<p class=\"pvc_stats all \" data-element-id=\"46\" style=\"\"><i class=\"pvc-stats-icon medium\" aria-hidden=\"true\"><svg aria-hidden=\"true\" focusable=\"false\" data-prefix=\"far\" data-icon=\"chart-bar\" role=\"img\" xmlns=\"http:\/\/www.w3.org\/2000\/svg\" viewBox=\"0 0 512 512\" class=\"svg-inline--fa fa-chart-bar fa-w-16 fa-2x\"><path fill=\"currentColor\" d=\"M396.8 352h22.4c6.4 0 12.8-6.4 12.8-12.8V108.8c0-6.4-6.4-12.8-12.8-12.8h-22.4c-6.4 0-12.8 6.4-12.8 12.8v230.4c0 6.4 6.4 12.8 12.8 12.8zm-192 0h22.4c6.4 0 12.8-6.4 12.8-12.8V140.8c0-6.4-6.4-12.8-12.8-12.8h-22.4c-6.4 0-12.8 6.4-12.8 12.8v198.4c0 6.4 6.4 12.8 12.8 12.8zm96 0h22.4c6.4 0 12.8-6.4 12.8-12.8V204.8c0-6.4-6.4-12.8-12.8-12.8h-22.4c-6.4 0-12.8 6.4-12.8 12.8v134.4c0 6.4 6.4 12.8 12.8 12.8zM496 400H48V80c0-8.84-7.16-16-16-16H16C7.16 64 0 71.16 0 80v336c0 17.67 14.33 32 32 32h464c8.84 0 16-7.16 16-16v-16c0-8.84-7.16-16-16-16zm-387.2-48h22.4c6.4 0 12.8-6.4 12.8-12.8v-70.4c0-6.4-6.4-12.8-12.8-12.8h-22.4c-6.4 0-12.8 6.4-12.8 12.8v70.4c0 6.4 6.4 12.8 12.8 12.8z\" class=\"\"><\/path><\/svg><\/i> &nbsp;3,962&nbsp;total views, &nbsp;1&nbsp;views today<\/p>\n<div class=\"pvc_clear\"><\/div>\n","protected":false},"author":1,"featured_media":0,"parent":0,"menu_order":0,"comment_status":"closed","ping_status":"closed","template":"","meta":{"footnotes":""},"_links":{"self":[{"href":"https:\/\/www.irapuato.gob.mx\/transparencia\/wp-json\/wp\/v2\/pages\/46"}],"collection":[{"href":"https:\/\/www.irapuato.gob.mx\/transparencia\/wp-json\/wp\/v2\/pages"}],"about":[{"href":"https:\/\/www.irapuato.gob.mx\/transparencia\/wp-json\/wp\/v2\/types\/page"}],"author":[{"embeddable":true,"href":"https:\/\/www.irapuato.gob.mx\/transparencia\/wp-json\/wp\/v2\/users\/1"}],"replies":[{"embeddable":true,"href":"https:\/\/www.irapuato.gob.mx\/transparencia\/wp-json\/wp\/v2\/comments?post=46"}],"version-history":[{"count":1,"href":"https:\/\/www.irapuato.gob.mx\/transparencia\/wp-json\/wp\/v2\/pages\/46\/revisions"}],"predecessor-version":[{"id":10496,"href":"https:\/\/www.irapuato.gob.mx\/transparencia\/wp-json\/wp\/v2\/pages\/46\/revisions\/10496"}],"wp:attachment":[{"href":"https:\/\/www.irapuato.gob.mx\/transparencia\/wp-json\/wp\/v2\/media?parent=46"}],"curies":[{"name":"wp","href":"https:\/\/api.w.org\/{rel}","templated":true}]}}