{"id":21,"date":"2015-11-20T16:35:11","date_gmt":"2015-11-20T22:35:11","guid":{"rendered":"http:\/\/www.irapuato.gob.mx\/transparencia\/?page_id=21"},"modified":"2020-01-27T09:58:25","modified_gmt":"2020-01-27T15:58:25","slug":"conoce-tu-derecho","status":"publish","type":"page","link":"https:\/\/www.irapuato.gob.mx\/transparencia\/conoce-tu-derecho\/","title":{"rendered":"Conoce tu Derecho"},"content":{"rendered":"<p style=\"text-align: justify;\"><strong>EL ACCESO A LA INFORMACI\u00d3N P\u00daBLICA ES UN DERECHO FUNDAMENTAL<\/strong><\/p>\n<p>Toda persona tiene derecho a obtener la informaci\u00f3n a que se refiere esta Ley en t\u00e9rminos y con las excepciones que la misma se\u00f1ala, sin discriminaci\u00f3n y en igualdad de condiciones con las dem\u00e1s.<\/p>\n<p style=\"text-align: justify;\">El derecho de acceso a la informaci\u00f3n p\u00fablica comprende la consulta de los documentos, la obtenci\u00f3n de dicha informaci\u00f3n y la orientaci\u00f3n sobre su existencia y contenido.<\/p>\n<p><a href=\"https:\/\/www.irapuato.gob.mx\/transparencia\/files\/a_gen\/ley_transparencia.pdf\" target=\"_blank\" rel=\"noopener noreferrer\"><img decoding=\"async\" loading=\"lazy\" class=\"aligncenter\" src=\"https:\/\/www.irapuato.gob.mx\/transparencia\/wp-content\/uploads\/2016\/09\/pdf-icon.png\" width=\"60\" height=\"60\" \/><\/a><\/p>\n<p style=\"text-align: center;\"><a href=\"https:\/\/www.irapuato.gob.mx\/transparencia\/files\/a_gen\/ley_transparencia.pdf\" target=\"_new\" rel=\"noopener noreferrer\">Ley de Transparecia<\/a><\/p>\n<div class=\"pvc_clear\"><\/div>\n<p class=\"pvc_stats all \" data-element-id=\"21\" style=\"\"><i class=\"pvc-stats-icon medium\" aria-hidden=\"true\"><svg aria-hidden=\"true\" focusable=\"false\" data-prefix=\"far\" data-icon=\"chart-bar\" role=\"img\" xmlns=\"http:\/\/www.w3.org\/2000\/svg\" viewBox=\"0 0 512 512\" class=\"svg-inline--fa fa-chart-bar fa-w-16 fa-2x\"><path fill=\"currentColor\" d=\"M396.8 352h22.4c6.4 0 12.8-6.4 12.8-12.8V108.8c0-6.4-6.4-12.8-12.8-12.8h-22.4c-6.4 0-12.8 6.4-12.8 12.8v230.4c0 6.4 6.4 12.8 12.8 12.8zm-192 0h22.4c6.4 0 12.8-6.4 12.8-12.8V140.8c0-6.4-6.4-12.8-12.8-12.8h-22.4c-6.4 0-12.8 6.4-12.8 12.8v198.4c0 6.4 6.4 12.8 12.8 12.8zm96 0h22.4c6.4 0 12.8-6.4 12.8-12.8V204.8c0-6.4-6.4-12.8-12.8-12.8h-22.4c-6.4 0-12.8 6.4-12.8 12.8v134.4c0 6.4 6.4 12.8 12.8 12.8zM496 400H48V80c0-8.84-7.16-16-16-16H16C7.16 64 0 71.16 0 80v336c0 17.67 14.33 32 32 32h464c8.84 0 16-7.16 16-16v-16c0-8.84-7.16-16-16-16zm-387.2-48h22.4c6.4 0 12.8-6.4 12.8-12.8v-70.4c0-6.4-6.4-12.8-12.8-12.8h-22.4c-6.4 0-12.8 6.4-12.8 12.8v70.4c0 6.4 6.4 12.8 12.8 12.8z\" class=\"\"><\/path><\/svg><\/i> &nbsp;3,919&nbsp;total views<\/p>\n<div class=\"pvc_clear\"><\/div>\n","protected":false},"excerpt":{"rendered":"<p>EL ACCESO A LA INFORMACI\u00d3N P\u00daBLICA ES UN DERECHO FUNDAMENTAL Toda persona tiene derecho a obtener la informaci\u00f3n a que se refiere esta Ley en&#8230;<\/p>\n<div class=\"pvc_clear\"><\/div>\n<p class=\"pvc_stats all \" data-element-id=\"21\" style=\"\"><i class=\"pvc-stats-icon medium\" aria-hidden=\"true\"><svg aria-hidden=\"true\" focusable=\"false\" data-prefix=\"far\" data-icon=\"chart-bar\" role=\"img\" xmlns=\"http:\/\/www.w3.org\/2000\/svg\" viewBox=\"0 0 512 512\" class=\"svg-inline--fa fa-chart-bar fa-w-16 fa-2x\"><path fill=\"currentColor\" d=\"M396.8 352h22.4c6.4 0 12.8-6.4 12.8-12.8V108.8c0-6.4-6.4-12.8-12.8-12.8h-22.4c-6.4 0-12.8 6.4-12.8 12.8v230.4c0 6.4 6.4 12.8 12.8 12.8zm-192 0h22.4c6.4 0 12.8-6.4 12.8-12.8V140.8c0-6.4-6.4-12.8-12.8-12.8h-22.4c-6.4 0-12.8 6.4-12.8 12.8v198.4c0 6.4 6.4 12.8 12.8 12.8zm96 0h22.4c6.4 0 12.8-6.4 12.8-12.8V204.8c0-6.4-6.4-12.8-12.8-12.8h-22.4c-6.4 0-12.8 6.4-12.8 12.8v134.4c0 6.4 6.4 12.8 12.8 12.8zM496 400H48V80c0-8.84-7.16-16-16-16H16C7.16 64 0 71.16 0 80v336c0 17.67 14.33 32 32 32h464c8.84 0 16-7.16 16-16v-16c0-8.84-7.16-16-16-16zm-387.2-48h22.4c6.4 0 12.8-6.4 12.8-12.8v-70.4c0-6.4-6.4-12.8-12.8-12.8h-22.4c-6.4 0-12.8 6.4-12.8 12.8v70.4c0 6.4 6.4 12.8 12.8 12.8z\" class=\"\"><\/path><\/svg><\/i> &nbsp;3,919&nbsp;total views<\/p>\n<div class=\"pvc_clear\"><\/div>\n","protected":false},"author":1,"featured_media":0,"parent":0,"menu_order":0,"comment_status":"closed","ping_status":"closed","template":"","meta":{"footnotes":""},"_links":{"self":[{"href":"https:\/\/www.irapuato.gob.mx\/transparencia\/wp-json\/wp\/v2\/pages\/21"}],"collection":[{"href":"https:\/\/www.irapuato.gob.mx\/transparencia\/wp-json\/wp\/v2\/pages"}],"about":[{"href":"https:\/\/www.irapuato.gob.mx\/transparencia\/wp-json\/wp\/v2\/types\/page"}],"author":[{"embeddable":true,"href":"https:\/\/www.irapuato.gob.mx\/transparencia\/wp-json\/wp\/v2\/users\/1"}],"replies":[{"embeddable":true,"href":"https:\/\/www.irapuato.gob.mx\/transparencia\/wp-json\/wp\/v2\/comments?post=21"}],"version-history":[{"count":2,"href":"https:\/\/www.irapuato.gob.mx\/transparencia\/wp-json\/wp\/v2\/pages\/21\/revisions"}],"predecessor-version":[{"id":10491,"href":"https:\/\/www.irapuato.gob.mx\/transparencia\/wp-json\/wp\/v2\/pages\/21\/revisions\/10491"}],"wp:attachment":[{"href":"https:\/\/www.irapuato.gob.mx\/transparencia\/wp-json\/wp\/v2\/media?parent=21"}],"curies":[{"name":"wp","href":"https:\/\/api.w.org\/{rel}","templated":true}]}}