{"id":19,"date":"2015-11-20T16:34:50","date_gmt":"2015-11-20T22:34:50","guid":{"rendered":"http:\/\/www.irapuato.gob.mx\/transparencia\/?page_id=19"},"modified":"2020-01-27T09:47:15","modified_gmt":"2020-01-27T15:47:15","slug":"directorio","status":"publish","type":"page","link":"https:\/\/www.irapuato.gob.mx\/transparencia\/directorio\/","title":{"rendered":"Directorio"},"content":{"rendered":"<p style=\"text-align: justify;\"><em>Nombre:<\/em> <strong>Lic. Roberto Torres Herrera.<\/strong><br \/>\n<em>Puesto:<\/em>\u00a0<strong>Titular de la Unidad.<\/strong><br \/>\n<em>Dependencia:<\/em> <strong>Unidad de Transparencia.<\/strong><\/p>\n<p style=\"text-align: justify;\"><em>Funciones:<\/em> Garantizar el derecho al libre acceso a la informaci\u00f3n p\u00fablica que generen los sujetos obligados, as\u00ed como recibir, atender y dar el tr\u00e1mite a las solicitudes de acceso a la informaci\u00f3n en los t\u00e9rminos de la Ley de Transparencia y Acceso a la Informaci\u00f3n P\u00fablica para el Estado de Guanajuato.<\/p>\n<p style=\"text-align: justify;\"><em>Tel\u00e9fono:<\/em> <strong>(462) 606 9999<\/strong> Ext. <strong>2012<\/strong><\/p>\n<p style=\"text-align: justify;\"><em>Correo electr\u00f3nico:<\/em> <a href=\"mailto:transparencia.irapuato@gmail.com\">transparencia.irapuato@gmail.com<\/a><\/p>\n<hr \/>\n<p style=\"text-align: justify;\">\n<div class=\"pvc_clear\"><\/div>\n<p class=\"pvc_stats all \" data-element-id=\"19\" style=\"\"><i class=\"pvc-stats-icon medium\" aria-hidden=\"true\"><svg aria-hidden=\"true\" focusable=\"false\" data-prefix=\"far\" data-icon=\"chart-bar\" role=\"img\" xmlns=\"http:\/\/www.w3.org\/2000\/svg\" viewBox=\"0 0 512 512\" class=\"svg-inline--fa fa-chart-bar fa-w-16 fa-2x\"><path fill=\"currentColor\" d=\"M396.8 352h22.4c6.4 0 12.8-6.4 12.8-12.8V108.8c0-6.4-6.4-12.8-12.8-12.8h-22.4c-6.4 0-12.8 6.4-12.8 12.8v230.4c0 6.4 6.4 12.8 12.8 12.8zm-192 0h22.4c6.4 0 12.8-6.4 12.8-12.8V140.8c0-6.4-6.4-12.8-12.8-12.8h-22.4c-6.4 0-12.8 6.4-12.8 12.8v198.4c0 6.4 6.4 12.8 12.8 12.8zm96 0h22.4c6.4 0 12.8-6.4 12.8-12.8V204.8c0-6.4-6.4-12.8-12.8-12.8h-22.4c-6.4 0-12.8 6.4-12.8 12.8v134.4c0 6.4 6.4 12.8 12.8 12.8zM496 400H48V80c0-8.84-7.16-16-16-16H16C7.16 64 0 71.16 0 80v336c0 17.67 14.33 32 32 32h464c8.84 0 16-7.16 16-16v-16c0-8.84-7.16-16-16-16zm-387.2-48h22.4c6.4 0 12.8-6.4 12.8-12.8v-70.4c0-6.4-6.4-12.8-12.8-12.8h-22.4c-6.4 0-12.8 6.4-12.8 12.8v70.4c0 6.4 6.4 12.8 12.8 12.8z\" class=\"\"><\/path><\/svg><\/i> &nbsp;10,110&nbsp;total views, &nbsp;2&nbsp;views today<\/p>\n<div class=\"pvc_clear\"><\/div>\n","protected":false},"excerpt":{"rendered":"<p>Nombre: Lic. Roberto Torres Herrera. Puesto:\u00a0Titular de la Unidad. Dependencia: Unidad de Transparencia. Funciones: Garantizar el derecho al libre acceso a la informaci\u00f3n p\u00fablica que&#8230;<\/p>\n<div class=\"pvc_clear\"><\/div>\n<p class=\"pvc_stats all \" data-element-id=\"19\" style=\"\"><i class=\"pvc-stats-icon medium\" aria-hidden=\"true\"><svg aria-hidden=\"true\" focusable=\"false\" data-prefix=\"far\" data-icon=\"chart-bar\" role=\"img\" xmlns=\"http:\/\/www.w3.org\/2000\/svg\" viewBox=\"0 0 512 512\" class=\"svg-inline--fa fa-chart-bar fa-w-16 fa-2x\"><path fill=\"currentColor\" d=\"M396.8 352h22.4c6.4 0 12.8-6.4 12.8-12.8V108.8c0-6.4-6.4-12.8-12.8-12.8h-22.4c-6.4 0-12.8 6.4-12.8 12.8v230.4c0 6.4 6.4 12.8 12.8 12.8zm-192 0h22.4c6.4 0 12.8-6.4 12.8-12.8V140.8c0-6.4-6.4-12.8-12.8-12.8h-22.4c-6.4 0-12.8 6.4-12.8 12.8v198.4c0 6.4 6.4 12.8 12.8 12.8zm96 0h22.4c6.4 0 12.8-6.4 12.8-12.8V204.8c0-6.4-6.4-12.8-12.8-12.8h-22.4c-6.4 0-12.8 6.4-12.8 12.8v134.4c0 6.4 6.4 12.8 12.8 12.8zM496 400H48V80c0-8.84-7.16-16-16-16H16C7.16 64 0 71.16 0 80v336c0 17.67 14.33 32 32 32h464c8.84 0 16-7.16 16-16v-16c0-8.84-7.16-16-16-16zm-387.2-48h22.4c6.4 0 12.8-6.4 12.8-12.8v-70.4c0-6.4-6.4-12.8-12.8-12.8h-22.4c-6.4 0-12.8 6.4-12.8 12.8v70.4c0 6.4 6.4 12.8 12.8 12.8z\" class=\"\"><\/path><\/svg><\/i> &nbsp;10,110&nbsp;total views, &nbsp;2&nbsp;views today<\/p>\n<div class=\"pvc_clear\"><\/div>\n","protected":false},"author":1,"featured_media":0,"parent":0,"menu_order":0,"comment_status":"closed","ping_status":"closed","template":"","meta":{"footnotes":""},"_links":{"self":[{"href":"https:\/\/www.irapuato.gob.mx\/transparencia\/wp-json\/wp\/v2\/pages\/19"}],"collection":[{"href":"https:\/\/www.irapuato.gob.mx\/transparencia\/wp-json\/wp\/v2\/pages"}],"about":[{"href":"https:\/\/www.irapuato.gob.mx\/transparencia\/wp-json\/wp\/v2\/types\/page"}],"author":[{"embeddable":true,"href":"https:\/\/www.irapuato.gob.mx\/transparencia\/wp-json\/wp\/v2\/users\/1"}],"replies":[{"embeddable":true,"href":"https:\/\/www.irapuato.gob.mx\/transparencia\/wp-json\/wp\/v2\/comments?post=19"}],"version-history":[{"count":4,"href":"https:\/\/www.irapuato.gob.mx\/transparencia\/wp-json\/wp\/v2\/pages\/19\/revisions"}],"predecessor-version":[{"id":10487,"href":"https:\/\/www.irapuato.gob.mx\/transparencia\/wp-json\/wp\/v2\/pages\/19\/revisions\/10487"}],"wp:attachment":[{"href":"https:\/\/www.irapuato.gob.mx\/transparencia\/wp-json\/wp\/v2\/media?parent=19"}],"curies":[{"name":"wp","href":"https:\/\/api.w.org\/{rel}","templated":true}]}}